{"id":183,"date":"2025-07-15T07:48:10","date_gmt":"2025-07-15T07:48:10","guid":{"rendered":"https:\/\/www.anestetickykrem.cz\/?page_id=183"},"modified":"2025-07-15T07:51:52","modified_gmt":"2025-07-15T07:51:52","slug":"hogyan-keszitsd-fel-a-borod-a-tetovalasra-tktx-kremmel","status":"publish","type":"page","link":"https:\/\/www.anestetickykrem.cz\/?page_id=183","title":{"rendered":"Hogyan k\u00e9sz\u00edtsd fel a b\u0151r\u00f6d a tetov\u00e1l\u00e1sra TKTX kr\u00e9mmel"},"content":{"rendered":"<div class=\"relative flex-col gap-1 md:gap-3\">\n<div class=\"flex max-w-full flex-col grow\">\n<div class=\"min-h-8 text-message relative flex w-full flex-col items-end gap-2 text-start break-words whitespace-normal [.text-message+&amp;]:mt-5\" dir=\"auto\" data-message-author-role=\"assistant\" data-message-id=\"33ac1de4-4984-4c36-ace5-e9af44f9585b\" data-message-model-slug=\"gpt-4-1-mini\">\n<div class=\"flex w-full flex-col gap-1 empty:hidden first:pt-[3px]\">\n<div class=\"markdown prose dark:prose-invert w-full break-words light\">\n<h2 data-start=\"250\" data-end=\"303\">Mi\u00e9rt fontos a b\u0151r el\u0151k\u00e9sz\u00edt\u00e9se tetov\u00e1l\u00e1s el\u0151tt?<\/h2>\n<p data-start=\"305\" data-end=\"524\">A tetov\u00e1l\u00e1s el\u0151tt fontos, hogy a b\u0151r tiszta, eg\u00e9szs\u00e9ges \u00e9s megfelel\u0151 \u00e1llapotban legyen a TKTX kr\u00e9m haszn\u00e1lat\u00e1hoz. A helyes el\u0151k\u00e9sz\u00edt\u00e9s biztos\u00edtja a kr\u00e9m jobb felsz\u00edv\u00f3d\u00e1s\u00e1t \u00e9s a tetov\u00e1l\u00e1s z\u00f6kken\u0151mentesebb lebonyol\u00edt\u00e1s\u00e1t.<\/p>\n<hr data-start=\"526\" data-end=\"529\" \/>\n<h2 data-start=\"531\" data-end=\"599\">L\u00e9p\u00e9sr\u0151l l\u00e9p\u00e9sre: A b\u0151r el\u0151k\u00e9sz\u00edt\u00e9se TKTX kr\u00e9mmel tetov\u00e1l\u00e1s el\u0151tt<\/h2>\n<h3 data-start=\"601\" data-end=\"624\">1. B\u0151r tiszt\u00edt\u00e1sa<\/h3>\n<p data-start=\"625\" data-end=\"874\"><strong data-start=\"625\" data-end=\"687\">A TKTX kr\u00e9m felvitele el\u0151tt alaposan tiszt\u00edtsd meg a b\u0151rt.<\/strong> Haszn\u00e1lj enyhe szappanos vagy fert\u0151tlen\u00edt\u0151 hat\u00e1s\u00fa k\u00e9sz\u00edtm\u00e9nyt, amely elt\u00e1vol\u00edtja a szennyez\u0151d\u00e9seket, zs\u00edrt \u00e9s bakt\u00e9riumokat. A sz\u00e1raz, tiszta b\u0151r az alapja a hat\u00e9kony kr\u00e9mfelsz\u00edv\u00f3d\u00e1snak.<\/p>\n<h3 data-start=\"876\" data-end=\"895\">2. Borotv\u00e1l\u00e1s<\/h3>\n<p data-start=\"896\" data-end=\"1022\">Ha a tetov\u00e1l\u00e1s helye sz\u0151r\u00f6s, finoman borotv\u00e1lkozz le. Ker\u00fcld el a v\u00e1g\u00e1sokat, mert fert\u0151z\u00e9svesz\u00e9lyt vagy irrit\u00e1ci\u00f3t okozhatnak.<\/p>\n<h3 data-start=\"1024\" data-end=\"1052\">3. TKTX kr\u00e9m felvitele<\/h3>\n<ul data-start=\"1053\" data-end=\"1341\">\n<li data-start=\"1053\" data-end=\"1126\">\n<p data-start=\"1055\" data-end=\"1126\">Vigy\u00e9l fel <strong data-start=\"1066\" data-end=\"1094\">vastag r\u00e9teg TKTX kr\u00e9met<\/strong> az el\u0151k\u00e9sz\u00edtett b\u0151rfel\u00fcletre.<\/p>\n<\/li>\n<li data-start=\"1127\" data-end=\"1211\">\n<p data-start=\"1129\" data-end=\"1211\"><strong data-start=\"1129\" data-end=\"1147\">Ne d\u00f6rzs\u00f6ld be<\/strong>, hagyd a kr\u00e9met a b\u0151r felsz\u00edn\u00e9n, hogy hat\u00e9konyan m\u0171k\u00f6dhessen.<\/p>\n<\/li>\n<li data-start=\"1212\" data-end=\"1341\">\n<p data-start=\"1214\" data-end=\"1341\">Tedd r\u00e1 a kezelt ter\u00fcletre a <strong data-start=\"1243\" data-end=\"1262\">\u00e1tl\u00e1tsz\u00f3 f\u00f3li\u00e1t<\/strong>, ami megakad\u00e1lyozza a kr\u00e9m kisz\u00e1rad\u00e1s\u00e1t \u00e9s el\u0151seg\u00edti a m\u00e9lyebb felsz\u00edv\u00f3d\u00e1st.<\/p>\n<\/li>\n<\/ul>\n<h3 data-start=\"1343\" data-end=\"1369\">4. Hat\u00f3id\u0151 betart\u00e1sa<\/h3>\n<p data-start=\"1370\" data-end=\"1543\">Hagyd a kr\u00e9met hatni legal\u00e1bb <strong data-start=\"1400\" data-end=\"1416\">30\u201360 percig<\/strong> a b\u0151r \u00e9rz\u00e9kenys\u00e9g\u00e9t\u0151l \u00e9s a tetov\u00e1l\u00e1s m\u00e9ret\u00e9t\u0151l f\u00fcgg\u0151en. Min\u00e9l tov\u00e1bb hagyod hatni, ann\u00e1l jobb lesz a f\u00e1jdalomcsillap\u00edt\u00f3 hat\u00e1s.<\/p>\n<h3 data-start=\"1545\" data-end=\"1584\">5. Kr\u00e9m elt\u00e1vol\u00edt\u00e1sa \u00e9s tetov\u00e1l\u00e1s<\/h3>\n<p data-start=\"1585\" data-end=\"1797\">A hat\u00f3id\u0151 letelte ut\u00e1n \u00f3vatosan t\u00e1vol\u00edtsd el a f\u00f3li\u00e1t, majd egy nedves kend\u0151vel t\u00f6r\u00f6ld le a felesleges kr\u00e9met. A b\u0151r most m\u00e1r k\u00e9szen \u00e1ll a tetov\u00e1l\u00e1sra \u2013 sokkal kevesebb f\u00e1jdalmat \u00e9s kellemetlens\u00e9get fogsz \u00e9rezni.<\/p>\n<hr data-start=\"1799\" data-end=\"1802\" \/>\n<h2 data-start=\"1804\" data-end=\"1851\">Tippek a TKTX kr\u00e9m maxim\u00e1lis hat\u00e9konys\u00e1g\u00e1hoz<\/h2>\n<ul data-start=\"1853\" data-end=\"2130\">\n<li data-start=\"1853\" data-end=\"1954\">\n<p data-start=\"1855\" data-end=\"1954\">Az alkalmaz\u00e1s el\u0151tt ne haszn\u00e1lj m\u00e1s kr\u00e9met vagy olajat a b\u0151r\u00f6n, mert cs\u00f6kkentheti a TKTX hat\u00e1s\u00e1t.<\/p>\n<\/li>\n<li data-start=\"1955\" data-end=\"2031\">\n<p data-start=\"1957\" data-end=\"2031\">Ker\u00fcld a napoz\u00e1st \u00e9s a szol\u00e1riumot legal\u00e1bb 24 \u00f3r\u00e1val a tetov\u00e1l\u00e1s el\u0151tt.<\/p>\n<\/li>\n<li data-start=\"2032\" data-end=\"2130\">\n<p data-start=\"2034\" data-end=\"2130\">Igy\u00e1l sok vizet \u00e9s tartsd hidrat\u00e1ltan a b\u0151r\u00f6d, de a tetov\u00e1l\u00e1s hely\u00e9t ne kend be t\u00fal sok kr\u00e9mmel.<\/p>\n<\/li>\n<\/ul>\n<hr data-start=\"2132\" data-end=\"2135\" \/>\n<h2 data-start=\"2137\" data-end=\"2203\">\u00d6sszegz\u00e9s: A b\u0151r el\u0151k\u00e9sz\u00edt\u00e9se a f\u00e1jdalommentes tetov\u00e1l\u00e1s kulcsa<\/h2>\n<p data-start=\"2205\" data-end=\"2452\">A TKTX kr\u00e9mmel t\u00f6rt\u00e9n\u0151 b\u0151r el\u0151k\u00e9sz\u00edt\u00e9s egyszer\u0171, m\u00e9gis elengedhetetlen l\u00e9p\u00e9s, amely jelent\u0151sen jav\u00edtja a tetov\u00e1l\u00e1s \u00e9lm\u00e9ny\u00e9t. Az itt bemutatott \u00fatmutat\u00f3 seg\u00edts\u00e9g\u00e9vel biztos\u00edthatod a kr\u00e9m maxim\u00e1lis hat\u00e1s\u00e1t, \u00e9s egy k\u00e9nyelmesebb tetov\u00e1l\u00e1si folyamatot.<\/p>\n<hr data-start=\"2454\" data-end=\"2457\" \/>\n<h3 data-start=\"2459\" data-end=\"2487\">Mi\u00e9rt v\u00e1laszd a TKTX-et?<\/h3>\n<p data-start=\"2489\" data-end=\"2613\">\u2705 <strong data-start=\"2491\" data-end=\"2517\">Eredeti, bev\u00e1lt term\u00e9k<\/strong><br data-start=\"2517\" data-end=\"2520\" \/>\u2705 <strong data-start=\"2522\" data-end=\"2551\">Gyors \u00e9s megb\u00edzhat\u00f3 hat\u00e1s<\/strong><br data-start=\"2551\" data-end=\"2554\" \/>\u2705 <strong data-start=\"2556\" data-end=\"2577\">Szakmai t\u00e1mogat\u00e1s<\/strong><br data-start=\"2577\" data-end=\"2580\" \/>\u2705 <strong data-start=\"2582\" data-end=\"2613\">Diszkr\u00e9t \u00e9s gyors sz\u00e1ll\u00edt\u00e1s<\/strong><\/p>\n<hr data-start=\"2615\" data-end=\"2618\" \/>\n<p data-start=\"2620\" data-end=\"2703\" data-is-last-node=\"\" data-is-only-node=\"\">\ud83d\udce6 <strong data-start=\"2623\" data-end=\"2703\" data-is-last-node=\"\">Rendeld meg m\u00e9g ma a TKTX kr\u00e9met, \u00e9s k\u00e9sz\u00fclj fel tetov\u00e1l\u00e1sodra magabiztosan!<\/strong><\/p>\n<\/div>\n<\/div>\n<\/div>\n<\/div>\n<div class=\"flex min-h-[46px] justify-start\">\n<div class=\"touch:-me-2 touch:-ms-3.5 -ms-2.5 -me-1 flex flex-wrap items-center gap-y-4 p-1 select-none touch:w-[calc(100%+--spacing(3.5))] -mt-1 w-[calc(100%+--spacing(2.5))] duration-[1.5s] focus-within:transition-none hover:transition-none pointer-events-none [mask-image:linear-gradient(to_right,black_33%,transparent_66%)] [mask-size:300%_100%] [mask-position:100%_0%] motion-safe:transition-[mask-position] group-hover\/turn-messages:pointer-events-auto group-hover\/turn-messages:[mask-position:0_0] group-focus-within\/turn-messages:pointer-events-auto group-focus-within\/turn-messages:[mask-position:0_0] has-data-[state=open]:pointer-events-auto has-data-[state=open]:[mask-position:0_0]\">\n<h3 style=\"text-align: center;\">V\u00e1lasszon term\u00e9keink k\u00f6z\u00fcl<\/h3>\n<h3 style=\"text-align: center;\"><a href=\"https:\/\/www.tktx-shop.hu\/?product=tetovalo-krem-tktx-40\"><img loading=\"lazy\" decoding=\"async\" class=\"aligncenter wp-image-225\" src=\"https:\/\/www.tktx-shop.hu\/wp-content\/uploads\/2023\/03\/12-300x159.png\" alt=\"\u00c9rz\u00e9stelen\u00edt\u0151 kr\u00e9m TKTX Tetov\u00e1l\u00f3 kr\u00e9m\" width=\"450\" height=\"239\" \/><\/a><\/h3>\n<h4><a href=\"https:\/\/www.tktx-shop.hu\/?product=erzestelenito-krem-tktx-55-gold\"><img loading=\"lazy\" decoding=\"async\" class=\"aligncenter wp-image-226\" src=\"https:\/\/www.tktx-shop.hu\/wp-content\/uploads\/2023\/03\/13-1024x550.png\" alt=\"\u00e9rz\u00e9stelen\u00edt\u0151 ken\u0151cs TKTX tetov\u00e1l\u00f3 kr\u00e9m\" width=\"450\" height=\"242\" \/><\/a><\/h4>\n<p><a href=\"https:\/\/www.tktx-shop.hu\/?product=erzestelenito-krem-tktx-75\"><img loading=\"lazy\" decoding=\"async\" class=\"aligncenter wp-image-227\" src=\"https:\/\/www.tktx-shop.hu\/wp-content\/uploads\/2023\/03\/14.png\" alt=\"\u00e9rz\u00e9stelen\u00edt\u0151 ken\u0151cs TKTX tetov\u00e1l\u00f3 kr\u00e9m\" width=\"450\" height=\"227\" \/><\/a><\/p>\n<h4 style=\"text-align: center;\">Rendeljen 3xTKTX-et ingyenes kisz\u00e1ll\u00edt\u00e1ssal AKCI\u00d3VAL 2100 ft<\/h4>\n<p><a href=\"https:\/\/www.tktx-shop.hu\/?product=3-darab-x-erzestelenito-krem-tktx-75-ingyenes-szallitas\"><img loading=\"lazy\" decoding=\"async\" class=\"aligncenter wp-image-230\" src=\"https:\/\/www.tktx-shop.hu\/wp-content\/uploads\/2023\/03\/11.png\" alt=\"\u00e9rz\u00e9stelen\u00edt\u0151 ken\u0151cs TKTX tetov\u00e1l\u00f3 kr\u00e9m\" width=\"450\" height=\"519\" \/><\/a><\/p>\n<\/div>\n<\/div>\n<div class=\"mt-3 w-full empty:hidden\">\n<div class=\"text-center\"><\/div>\n<\/div>\n<\/div>\n<div class=\"aria-live=polite absolute\">\n<div class=\"flex items-center justify-center\"><\/div>\n<\/div>\n","protected":false},"excerpt":{"rendered":"<p>Mi\u00e9rt fontos a b\u0151r el\u0151k\u00e9sz\u00edt\u00e9se tetov\u00e1l\u00e1s el\u0151tt? A tetov\u00e1l\u00e1s el\u0151tt fontos, hogy a b\u0151r tiszta, eg\u00e9szs\u00e9ges \u00e9s megfelel\u0151 \u00e1llapotban legyen a TKTX kr\u00e9m haszn\u00e1lat\u00e1hoz. A helyes el\u0151k\u00e9sz\u00edt\u00e9s biztos\u00edtja a kr\u00e9m jobb felsz\u00edv\u00f3d\u00e1s\u00e1t \u00e9s a tetov\u00e1l\u00e1s z\u00f6kken\u0151mentesebb lebonyol\u00edt\u00e1s\u00e1t. L\u00e9p\u00e9sr\u0151l l\u00e9p\u00e9sre: A b\u0151r el\u0151k\u00e9sz\u00edt\u00e9se TKTX kr\u00e9mmel tetov\u00e1l\u00e1s el\u0151tt 1. B\u0151r tiszt\u00edt\u00e1sa A TKTX kr\u00e9m felvitele el\u0151tt alaposan [&hellip;]<\/p>\n","protected":false},"author":1,"featured_media":0,"parent":0,"menu_order":0,"comment_status":"closed","ping_status":"closed","template":"","meta":{"_monsterinsights_skip_tracking":false,"_monsterinsights_sitenote_active":false,"_monsterinsights_sitenote_note":"","_monsterinsights_sitenote_category":0,"footnotes":""},"class_list":["post-183","page","type-page","status-publish","hentry"],"yoast_head":"<!-- This site is optimized with the Yoast SEO plugin v27.0 - https:\/\/yoast.com\/product\/yoast-seo-wordpress\/ -->\n<title>Hogyan k\u00e9sz\u00edtsd fel a b\u0151r\u00f6d a tetov\u00e1l\u00e1sra TKTX kr\u00e9mmel - Anestetick\u00fd Kr\u00e9m<\/title>\n<meta name=\"description\" content=\"Teljes \u00fatmutat\u00f3 a b\u0151r\u00e1pol\u00e1shoz a TKTX kr\u00e9m alkalmaz\u00e1sa \u00e9s a tetov\u00e1l\u00e1s el\u0151tt.\" \/>\n<meta name=\"robots\" content=\"index, follow, max-snippet:-1, max-image-preview:large, max-video-preview:-1\" \/>\n<link rel=\"canonical\" href=\"https:\/\/www.anestetickykrem.cz\/?page_id=183\" \/>\n<meta property=\"og:locale\" content=\"en_US\" \/>\n<meta property=\"og:type\" content=\"article\" \/>\n<meta property=\"og:title\" content=\"Hogyan k\u00e9sz\u00edtsd fel a b\u0151r\u00f6d a tetov\u00e1l\u00e1sra TKTX kr\u00e9mmel - Anestetick\u00fd Kr\u00e9m\" \/>\n<meta property=\"og:description\" content=\"Teljes \u00fatmutat\u00f3 a b\u0151r\u00e1pol\u00e1shoz a TKTX kr\u00e9m alkalmaz\u00e1sa \u00e9s a tetov\u00e1l\u00e1s el\u0151tt.\" \/>\n<meta property=\"og:url\" content=\"https:\/\/www.anestetickykrem.cz\/?page_id=183\" \/>\n<meta property=\"og:site_name\" content=\"Anestetick\u00fd Kr\u00e9m\" \/>\n<meta property=\"article:modified_time\" content=\"2025-07-15T07:51:52+00:00\" \/>\n<meta name=\"twitter:card\" content=\"summary_large_image\" \/>\n<meta name=\"twitter:label1\" content=\"Est. reading time\" \/>\n\t<meta name=\"twitter:data1\" content=\"3 minutes\" \/>\n<script type=\"application\/ld+json\" class=\"yoast-schema-graph\">{\"@context\":\"https:\/\/schema.org\",\"@graph\":[{\"@type\":\"WebPage\",\"@id\":\"https:\/\/www.anestetickykrem.cz\/?page_id=183\",\"url\":\"https:\/\/www.anestetickykrem.cz\/?page_id=183\",\"name\":\"Hogyan k\u00e9sz\u00edtsd fel a b\u0151r\u00f6d a tetov\u00e1l\u00e1sra TKTX kr\u00e9mmel - Anestetick\u00fd Kr\u00e9m\",\"isPartOf\":{\"@id\":\"https:\/\/www.anestetickykrem.cz\/#website\"},\"primaryImageOfPage\":{\"@id\":\"https:\/\/www.anestetickykrem.cz\/?page_id=183#primaryimage\"},\"image\":{\"@id\":\"https:\/\/www.anestetickykrem.cz\/?page_id=183#primaryimage\"},\"thumbnailUrl\":\"https:\/\/www.tktx-shop.hu\/wp-content\/uploads\/2023\/03\/12-300x159.png\",\"datePublished\":\"2025-07-15T07:48:10+00:00\",\"dateModified\":\"2025-07-15T07:51:52+00:00\",\"description\":\"Teljes \u00fatmutat\u00f3 a b\u0151r\u00e1pol\u00e1shoz a TKTX kr\u00e9m alkalmaz\u00e1sa \u00e9s a tetov\u00e1l\u00e1s el\u0151tt.\",\"breadcrumb\":{\"@id\":\"https:\/\/www.anestetickykrem.cz\/?page_id=183#breadcrumb\"},\"inLanguage\":\"en-US\",\"potentialAction\":[{\"@type\":\"ReadAction\",\"target\":[\"https:\/\/www.anestetickykrem.cz\/?page_id=183\"]}]},{\"@type\":\"ImageObject\",\"inLanguage\":\"en-US\",\"@id\":\"https:\/\/www.anestetickykrem.cz\/?page_id=183#primaryimage\",\"url\":\"https:\/\/www.tktx-shop.hu\/wp-content\/uploads\/2023\/03\/12-300x159.png\",\"contentUrl\":\"https:\/\/www.tktx-shop.hu\/wp-content\/uploads\/2023\/03\/12-300x159.png\"},{\"@type\":\"BreadcrumbList\",\"@id\":\"https:\/\/www.anestetickykrem.cz\/?page_id=183#breadcrumb\",\"itemListElement\":[{\"@type\":\"ListItem\",\"position\":1,\"name\":\"Home\",\"item\":\"https:\/\/www.anestetickykrem.cz\/\"},{\"@type\":\"ListItem\",\"position\":2,\"name\":\"Hogyan k\u00e9sz\u00edtsd fel a b\u0151r\u00f6d a tetov\u00e1l\u00e1sra TKTX kr\u00e9mmel\"}]},{\"@type\":\"WebSite\",\"@id\":\"https:\/\/www.anestetickykrem.cz\/#website\",\"url\":\"https:\/\/www.anestetickykrem.cz\/\",\"name\":\"Anestetick\u00fd Kr\u00e9m\",\"description\":\"\",\"potentialAction\":[{\"@type\":\"SearchAction\",\"target\":{\"@type\":\"EntryPoint\",\"urlTemplate\":\"https:\/\/www.anestetickykrem.cz\/?s={search_term_string}\"},\"query-input\":{\"@type\":\"PropertyValueSpecification\",\"valueRequired\":true,\"valueName\":\"search_term_string\"}}],\"inLanguage\":\"en-US\"}]}<\/script>\n<!-- \/ Yoast SEO plugin. -->","yoast_head_json":{"title":"Hogyan k\u00e9sz\u00edtsd fel a b\u0151r\u00f6d a tetov\u00e1l\u00e1sra TKTX kr\u00e9mmel - Anestetick\u00fd Kr\u00e9m","description":"Teljes \u00fatmutat\u00f3 a b\u0151r\u00e1pol\u00e1shoz a TKTX kr\u00e9m alkalmaz\u00e1sa \u00e9s a tetov\u00e1l\u00e1s el\u0151tt.","robots":{"index":"index","follow":"follow","max-snippet":"max-snippet:-1","max-image-preview":"max-image-preview:large","max-video-preview":"max-video-preview:-1"},"canonical":"https:\/\/www.anestetickykrem.cz\/?page_id=183","og_locale":"en_US","og_type":"article","og_title":"Hogyan k\u00e9sz\u00edtsd fel a b\u0151r\u00f6d a tetov\u00e1l\u00e1sra TKTX kr\u00e9mmel - Anestetick\u00fd Kr\u00e9m","og_description":"Teljes \u00fatmutat\u00f3 a b\u0151r\u00e1pol\u00e1shoz a TKTX kr\u00e9m alkalmaz\u00e1sa \u00e9s a tetov\u00e1l\u00e1s el\u0151tt.","og_url":"https:\/\/www.anestetickykrem.cz\/?page_id=183","og_site_name":"Anestetick\u00fd Kr\u00e9m","article_modified_time":"2025-07-15T07:51:52+00:00","twitter_card":"summary_large_image","twitter_misc":{"Est. reading time":"3 minutes"},"schema":{"@context":"https:\/\/schema.org","@graph":[{"@type":"WebPage","@id":"https:\/\/www.anestetickykrem.cz\/?page_id=183","url":"https:\/\/www.anestetickykrem.cz\/?page_id=183","name":"Hogyan k\u00e9sz\u00edtsd fel a b\u0151r\u00f6d a tetov\u00e1l\u00e1sra TKTX kr\u00e9mmel - Anestetick\u00fd Kr\u00e9m","isPartOf":{"@id":"https:\/\/www.anestetickykrem.cz\/#website"},"primaryImageOfPage":{"@id":"https:\/\/www.anestetickykrem.cz\/?page_id=183#primaryimage"},"image":{"@id":"https:\/\/www.anestetickykrem.cz\/?page_id=183#primaryimage"},"thumbnailUrl":"https:\/\/www.tktx-shop.hu\/wp-content\/uploads\/2023\/03\/12-300x159.png","datePublished":"2025-07-15T07:48:10+00:00","dateModified":"2025-07-15T07:51:52+00:00","description":"Teljes \u00fatmutat\u00f3 a b\u0151r\u00e1pol\u00e1shoz a TKTX kr\u00e9m alkalmaz\u00e1sa \u00e9s a tetov\u00e1l\u00e1s el\u0151tt.","breadcrumb":{"@id":"https:\/\/www.anestetickykrem.cz\/?page_id=183#breadcrumb"},"inLanguage":"en-US","potentialAction":[{"@type":"ReadAction","target":["https:\/\/www.anestetickykrem.cz\/?page_id=183"]}]},{"@type":"ImageObject","inLanguage":"en-US","@id":"https:\/\/www.anestetickykrem.cz\/?page_id=183#primaryimage","url":"https:\/\/www.tktx-shop.hu\/wp-content\/uploads\/2023\/03\/12-300x159.png","contentUrl":"https:\/\/www.tktx-shop.hu\/wp-content\/uploads\/2023\/03\/12-300x159.png"},{"@type":"BreadcrumbList","@id":"https:\/\/www.anestetickykrem.cz\/?page_id=183#breadcrumb","itemListElement":[{"@type":"ListItem","position":1,"name":"Home","item":"https:\/\/www.anestetickykrem.cz\/"},{"@type":"ListItem","position":2,"name":"Hogyan k\u00e9sz\u00edtsd fel a b\u0151r\u00f6d a tetov\u00e1l\u00e1sra TKTX kr\u00e9mmel"}]},{"@type":"WebSite","@id":"https:\/\/www.anestetickykrem.cz\/#website","url":"https:\/\/www.anestetickykrem.cz\/","name":"Anestetick\u00fd Kr\u00e9m","description":"","potentialAction":[{"@type":"SearchAction","target":{"@type":"EntryPoint","urlTemplate":"https:\/\/www.anestetickykrem.cz\/?s={search_term_string}"},"query-input":{"@type":"PropertyValueSpecification","valueRequired":true,"valueName":"search_term_string"}}],"inLanguage":"en-US"}]}},"_links":{"self":[{"href":"https:\/\/www.anestetickykrem.cz\/index.php?rest_route=\/wp\/v2\/pages\/183","targetHints":{"allow":["GET"]}}],"collection":[{"href":"https:\/\/www.anestetickykrem.cz\/index.php?rest_route=\/wp\/v2\/pages"}],"about":[{"href":"https:\/\/www.anestetickykrem.cz\/index.php?rest_route=\/wp\/v2\/types\/page"}],"author":[{"embeddable":true,"href":"https:\/\/www.anestetickykrem.cz\/index.php?rest_route=\/wp\/v2\/users\/1"}],"replies":[{"embeddable":true,"href":"https:\/\/www.anestetickykrem.cz\/index.php?rest_route=%2Fwp%2Fv2%2Fcomments&post=183"}],"version-history":[{"count":1,"href":"https:\/\/www.anestetickykrem.cz\/index.php?rest_route=\/wp\/v2\/pages\/183\/revisions"}],"predecessor-version":[{"id":184,"href":"https:\/\/www.anestetickykrem.cz\/index.php?rest_route=\/wp\/v2\/pages\/183\/revisions\/184"}],"wp:attachment":[{"href":"https:\/\/www.anestetickykrem.cz\/index.php?rest_route=%2Fwp%2Fv2%2Fmedia&parent=183"}],"curies":[{"name":"wp","href":"https:\/\/api.w.org\/{rel}","templated":true}]}}