{"id":170,"date":"2025-07-08T20:38:22","date_gmt":"2025-07-08T20:38:22","guid":{"rendered":"https:\/\/www.anestetickykrem.cz\/?page_id=170"},"modified":"2025-07-08T20:38:22","modified_gmt":"2025-07-08T20:38:22","slug":"creme-anestetiche-per-sopracciglia-e-labbra-perche-tktx-e-ideale-per-il-pmu-%f0%9f%92%84%e2%9c%a8","status":"publish","type":"page","link":"https:\/\/www.anestetickykrem.cz\/?page_id=170","title":{"rendered":"Creme anestetiche per sopracciglia e labbra \u2013 perch\u00e9 TKTX \u00e8 ideale per il PMU? \ud83d\udc84\u2728"},"content":{"rendered":"<h2 data-start=\"449\" data-end=\"506\"><strong data-start=\"452\" data-end=\"503\">Cos\u2019\u00e8 il PMU e perch\u00e9 \u00e8 importante l\u2019anestesia?<\/strong> \ud83c\udfaf<\/h2>\n<p data-start=\"508\" data-end=\"773\">Il trucco permanente (PMU) valorizza la tua bellezza naturale, specialmente su sopracciglia e labbra.<br data-start=\"609\" data-end=\"612\" \/>Tuttavia, il trattamento pu\u00f2 essere doloroso e fastidioso.<br data-start=\"670\" data-end=\"673\" \/>Per questo serve un\u2019<strong data-start=\"693\" data-end=\"715\">anestesia efficace<\/strong> per vivere l\u2019esperienza in modo rilassato e senza stress.<\/p>\n<hr data-start=\"775\" data-end=\"778\" \/>\n<h3 data-start=\"780\" data-end=\"835\"><strong data-start=\"784\" data-end=\"832\">Perch\u00e9 TKTX \u00e8 la scelta migliore per il PMU?<\/strong> \ud83d\udca5<\/h3>\n<p data-start=\"837\" data-end=\"969\">TKTX \u00e8 una crema anestetica testata, adatta non solo per tatuaggi, ma anche per trattamenti estetici.<br data-start=\"938\" data-end=\"941\" \/>Ecco cosa la rende speciale:<\/p>\n<ul data-start=\"971\" data-end=\"1248\">\n<li data-start=\"971\" data-end=\"1083\">\n<p data-start=\"973\" data-end=\"1083\"><strong data-start=\"973\" data-end=\"1002\">Formula potente e sicura:<\/strong> Contiene lidocaina, prilocaina ed epinefrina, efficace e delicata sulla pelle.<\/p>\n<\/li>\n<li data-start=\"1084\" data-end=\"1176\">\n<p data-start=\"1086\" data-end=\"1176\"><strong data-start=\"1086\" data-end=\"1109\">Effetto prolungato:<\/strong> L\u2019anestesia dura diverse ore, ideale per trattamenti PMU lunghi.<\/p>\n<\/li>\n<li data-start=\"1177\" data-end=\"1248\">\n<p data-start=\"1179\" data-end=\"1248\"><strong data-start=\"1179\" data-end=\"1203\">Applicazione rapida:<\/strong> L\u2019effetto si manifesta in soli 30\u201360 minuti.<\/p>\n<\/li>\n<\/ul>\n<hr data-start=\"1250\" data-end=\"1253\" \/>\n<h2 data-start=\"1255\" data-end=\"1309\"><strong data-start=\"1258\" data-end=\"1306\">TKTX per sopracciglia \u2013 precisione e comfort<\/strong> \ud83c\udfaf<\/h2>\n<p data-start=\"1311\" data-end=\"1368\">La zona delle sopracciglia \u00e8 molto sensibile.<br data-start=\"1356\" data-end=\"1359\" \/>Con TKTX:<\/p>\n<ul data-start=\"1370\" data-end=\"1554\">\n<li data-start=\"1370\" data-end=\"1448\">\n<p data-start=\"1372\" data-end=\"1448\">Il dolore durante microblading o powder brows si riduce significativamente<\/p>\n<\/li>\n<li data-start=\"1449\" data-end=\"1501\">\n<p data-start=\"1451\" data-end=\"1501\">L\u2019operatore pu\u00f2 lavorare con maggiore precisione<\/p>\n<\/li>\n<li data-start=\"1502\" data-end=\"1554\">\n<p data-start=\"1504\" data-end=\"1554\">Garantisce un trattamento tranquillo e rilassato<\/p>\n<\/li>\n<\/ul>\n<hr data-start=\"1556\" data-end=\"1559\" \/>\n<h3 data-start=\"1561\" data-end=\"1612\"><strong data-start=\"1565\" data-end=\"1609\">TKTX per labbra \u2013 sicurezza ed efficacia<\/strong> \ud83d\udc8b<\/h3>\n<p data-start=\"1614\" data-end=\"1690\">Le labbra sono molto sensibili e richiedono un\u2019applicazione attenta.<br data-start=\"1682\" data-end=\"1685\" \/>TKTX:<\/p>\n<ul data-start=\"1692\" data-end=\"1864\">\n<li data-start=\"1692\" data-end=\"1771\">\n<p data-start=\"1694\" data-end=\"1771\">\u00c8 sicura se applicata nella dose corretta e lasciata agire per 20-30 minuti<\/p>\n<\/li>\n<li data-start=\"1772\" data-end=\"1800\">\n<p data-start=\"1774\" data-end=\"1800\">Riduce dolore e gonfiore<\/p>\n<\/li>\n<li data-start=\"1801\" data-end=\"1864\">\n<p data-start=\"1803\" data-end=\"1864\">\u00c8 raccomandata dai professionisti del PMU in tutto il mondo<\/p>\n<\/li>\n<\/ul>\n<hr data-start=\"1866\" data-end=\"1869\" \/>\n<h2 data-start=\"1871\" data-end=\"1911\"><strong data-start=\"1874\" data-end=\"1908\">Perch\u00e9 acquistare TKTX da noi?<\/strong> \ud83d\uded2<\/h2>\n<p data-start=\"1913\" data-end=\"2175\">\u2705 <strong data-start=\"1915\" data-end=\"1942\">Prodotto 100% originale<\/strong> \u2013 qualit\u00e0 e sicurezza garantite<br data-start=\"1974\" data-end=\"1977\" \/>\u2705 <strong data-start=\"1979\" data-end=\"2011\">Spedizione veloce e discreta<\/strong> \u2013 comodit\u00e0 per te<br data-start=\"2029\" data-end=\"2032\" \/>\u2705 <strong data-start=\"2034\" data-end=\"2056\">Consulenza esperta<\/strong> \u2013 ti aiutiamo a scegliere la versione TKTX pi\u00f9 adatta<br data-start=\"2110\" data-end=\"2113\" \/>\u2705 <strong data-start=\"2115\" data-end=\"2173\">Negozio affidabile con migliaia di clienti soddisfatti<\/strong><\/p>\n<hr data-start=\"2177\" data-end=\"2180\" \/>\n<h2 data-start=\"2182\" data-end=\"2245\"><strong data-start=\"2185\" data-end=\"2242\">Conclusione \u2013 investi in comfort e bellezza con TKTX!<\/strong> \ud83c\udf1f<\/h2>\n<p data-start=\"2247\" data-end=\"2461\">Non lasciare che dolore e fastidio ti impediscano di goderti il trattamento PMU.<br data-start=\"2327\" data-end=\"2330\" \/>Con TKTX, i tuoi trattamenti saranno non solo belli, ma anche indolori e piacevoli.<br data-start=\"2413\" data-end=\"2416\" \/>Affidati all\u2019originale e senti la differenza.<\/p>\n<p data-start=\"2463\" data-end=\"2538\"><strong data-start=\"2463\" data-end=\"2538\">Ordina TKTX oggi e vivi il tuo trucco permanente senza dolore e stress!<\/strong><\/p>\n<h4 style=\"text-align: center;\"><strong data-start=\"34\" data-end=\"88\">Scegli tra le creme anestetiche TKTX per tatuaggi<\/strong><\/h4>\n<p><a href=\"https:\/\/www.tktx-shop.it\/?product=tktx-40-das-original-das-schmerzfreies-taetowieren-moeglich-macht\"><img loading=\"lazy\" decoding=\"async\" class=\"aligncenter wp-image-36 size-full\" src=\"https:\/\/www.tktx-shop.it\/wp-content\/uploads\/2023\/04\/Untitled-design-1.png\" sizes=\"auto, (max-width: 1071px) 100vw, 1071px\" srcset=\"https:\/\/www.tktx-shop.it\/wp-content\/uploads\/2023\/04\/Untitled-design-1.png 1071w, https:\/\/www.tktx-shop.it\/wp-content\/uploads\/2023\/04\/Untitled-design-1-300x110.png 300w, https:\/\/www.tktx-shop.it\/wp-content\/uploads\/2023\/04\/Untitled-design-1-600x221.png 600w, https:\/\/www.tktx-shop.it\/wp-content\/uploads\/2023\/04\/Untitled-design-1-1024x377.png 1024w, https:\/\/www.tktx-shop.it\/wp-content\/uploads\/2023\/04\/Untitled-design-1-768x283.png 768w\" alt=\"Crema per tatuaggi TKTX contro il dolore 40%\" width=\"1071\" height=\"394\" \/><\/a><a href=\"https:\/\/www.tktx-shop.it\/?product=tktx-55-gold-die-perfekte-balance-zwischen-staerke-und-preis\"><img loading=\"lazy\" decoding=\"async\" class=\"aligncenter wp-image-31 size-full\" src=\"https:\/\/www.tktx-shop.it\/wp-content\/uploads\/2023\/04\/Untitled-design.png\" sizes=\"auto, (max-width: 1069px) 100vw, 1069px\" srcset=\"https:\/\/www.tktx-shop.it\/wp-content\/uploads\/2023\/04\/Untitled-design.png 1069w, https:\/\/www.tktx-shop.it\/wp-content\/uploads\/2023\/04\/Untitled-design-300x109.png 300w, https:\/\/www.tktx-shop.it\/wp-content\/uploads\/2023\/04\/Untitled-design-600x218.png 600w, https:\/\/www.tktx-shop.it\/wp-content\/uploads\/2023\/04\/Untitled-design-1024x372.png 1024w, https:\/\/www.tktx-shop.it\/wp-content\/uploads\/2023\/04\/Untitled-design-768x279.png 768w\" alt=\"Crema anestetica per tatuaggi TKTX Gold\" width=\"1069\" height=\"388\" \/><\/a><a href=\"https:\/\/www.tktx-shop.it\/?product=creme-bei-tattoo-tktx-75-schwarz-fuer-schmerzfreies-taetowieren-%F0%9F%94%A5\"><img loading=\"lazy\" decoding=\"async\" class=\"aligncenter wp-image-28 size-full\" src=\"https:\/\/www.tktx-shop.it\/wp-content\/uploads\/2023\/04\/Untitled-design-3.png\" sizes=\"auto, (max-width: 1080px) 100vw, 1080px\" srcset=\"https:\/\/www.tktx-shop.it\/wp-content\/uploads\/2023\/04\/Untitled-design-3.png 1080w, https:\/\/www.tktx-shop.it\/wp-content\/uploads\/2023\/04\/Untitled-design-3-300x127.png 300w, https:\/\/www.tktx-shop.it\/wp-content\/uploads\/2023\/04\/Untitled-design-3-600x254.png 600w, https:\/\/www.tktx-shop.it\/wp-content\/uploads\/2023\/04\/Untitled-design-3-1024x434.png 1024w, https:\/\/www.tktx-shop.it\/wp-content\/uploads\/2023\/04\/Untitled-design-3-768x326.png 768w\" alt=\"Crema per tatuaggi unguento anestetico TKTX al 75%\" width=\"1080\" height=\"458\" \/><\/a><a href=\"https:\/\/www.tktx-shop.it\/?product=3-stueck-x-tktx-anaesthesiesalbe-75-kostenloser-versand-kopia\"><img loading=\"lazy\" decoding=\"async\" class=\"aligncenter wp-image-710 size-full\" src=\"https:\/\/www.tktx-shop.it\/wp-content\/uploads\/2025\/05\/6.png\" sizes=\"auto, (max-width: 1080px) 100vw, 1080px\" srcset=\"https:\/\/www.tktx-shop.it\/wp-content\/uploads\/2025\/05\/6.png 1080w, https:\/\/www.tktx-shop.it\/wp-content\/uploads\/2025\/05\/6-276x300.png 276w, https:\/\/www.tktx-shop.it\/wp-content\/uploads\/2025\/05\/6-942x1024.png 942w, https:\/\/www.tktx-shop.it\/wp-content\/uploads\/2025\/05\/6-768x835.png 768w, https:\/\/www.tktx-shop.it\/wp-content\/uploads\/2025\/05\/6-300x326.png 300w, https:\/\/www.tktx-shop.it\/wp-content\/uploads\/2025\/05\/6-600x652.png 600w\" alt=\"Crema per tatuaggi unguento anestetico TKTX al 75%\" width=\"1080\" height=\"1174\" \/><\/a><\/p>\n<h4 style=\"text-align: center;\"><strong>Garanzia di soddisfazione<\/strong><\/h4>\n<h4 style=\"text-align: center;\"><strong>se non sei soddisfatto, restituisci il prodotto e ti rimborseremo.<\/strong><\/h4>\n","protected":false},"excerpt":{"rendered":"<p>Cos\u2019\u00e8 il PMU e perch\u00e9 \u00e8 importante l\u2019anestesia? \ud83c\udfaf Il trucco permanente (PMU) valorizza la tua bellezza naturale, specialmente su sopracciglia e labbra.Tuttavia, il trattamento pu\u00f2 essere doloroso e fastidioso.Per questo serve un\u2019anestesia efficace per vivere l\u2019esperienza in modo rilassato e senza stress. Perch\u00e9 TKTX \u00e8 la scelta migliore per il PMU? \ud83d\udca5 TKTX \u00e8 [&hellip;]<\/p>\n","protected":false},"author":1,"featured_media":0,"parent":0,"menu_order":0,"comment_status":"closed","ping_status":"closed","template":"","meta":{"_monsterinsights_skip_tracking":false,"_monsterinsights_sitenote_active":false,"_monsterinsights_sitenote_note":"","_monsterinsights_sitenote_category":0,"footnotes":""},"class_list":["post-170","page","type-page","status-publish","hentry"],"yoast_head":"<!-- This site is optimized with the Yoast SEO plugin v27.0 - https:\/\/yoast.com\/product\/yoast-seo-wordpress\/ -->\n<title>Creme anestetiche per sopracciglia e labbra \u2013 perch\u00e9 TKTX \u00e8 ideale per il PMU? \ud83d\udc84\u2728 - Anestetick\u00fd Kr\u00e9m<\/title>\n<meta name=\"description\" content=\"La crema TKTX \u00e8 adatta anche per il trucco permanente (PMU)? Scopri tutto sull\u2019anestesia nel PMU e come TKTX rende il trattamento pi\u00f9 confortevole.\" \/>\n<meta name=\"robots\" content=\"index, follow, max-snippet:-1, max-image-preview:large, max-video-preview:-1\" \/>\n<link rel=\"canonical\" href=\"https:\/\/www.anestetickykrem.cz\/?page_id=170\" \/>\n<meta property=\"og:locale\" content=\"en_US\" \/>\n<meta property=\"og:type\" content=\"article\" \/>\n<meta property=\"og:title\" content=\"Creme anestetiche per sopracciglia e labbra \u2013 perch\u00e9 TKTX \u00e8 ideale per il PMU? \ud83d\udc84\u2728 - Anestetick\u00fd Kr\u00e9m\" \/>\n<meta property=\"og:description\" content=\"La crema TKTX \u00e8 adatta anche per il trucco permanente (PMU)? Scopri tutto sull\u2019anestesia nel PMU e come TKTX rende il trattamento pi\u00f9 confortevole.\" \/>\n<meta property=\"og:url\" content=\"https:\/\/www.anestetickykrem.cz\/?page_id=170\" \/>\n<meta property=\"og:site_name\" content=\"Anestetick\u00fd Kr\u00e9m\" \/>\n<meta name=\"twitter:card\" content=\"summary_large_image\" \/>\n<meta name=\"twitter:label1\" content=\"Est. reading time\" \/>\n\t<meta name=\"twitter:data1\" content=\"3 minutes\" \/>\n<script type=\"application\/ld+json\" class=\"yoast-schema-graph\">{\"@context\":\"https:\/\/schema.org\",\"@graph\":[{\"@type\":\"WebPage\",\"@id\":\"https:\/\/www.anestetickykrem.cz\/?page_id=170\",\"url\":\"https:\/\/www.anestetickykrem.cz\/?page_id=170\",\"name\":\"Creme anestetiche per sopracciglia e labbra \u2013 perch\u00e9 TKTX \u00e8 ideale per il PMU? \ud83d\udc84\u2728 - Anestetick\u00fd Kr\u00e9m\",\"isPartOf\":{\"@id\":\"https:\/\/www.anestetickykrem.cz\/#website\"},\"primaryImageOfPage\":{\"@id\":\"https:\/\/www.anestetickykrem.cz\/?page_id=170#primaryimage\"},\"image\":{\"@id\":\"https:\/\/www.anestetickykrem.cz\/?page_id=170#primaryimage\"},\"thumbnailUrl\":\"https:\/\/www.tktx-shop.it\/wp-content\/uploads\/2023\/04\/Untitled-design-1.png\",\"datePublished\":\"2025-07-08T20:38:22+00:00\",\"description\":\"La crema TKTX \u00e8 adatta anche per il trucco permanente (PMU)? Scopri tutto sull\u2019anestesia nel PMU e come TKTX rende il trattamento pi\u00f9 confortevole.\",\"breadcrumb\":{\"@id\":\"https:\/\/www.anestetickykrem.cz\/?page_id=170#breadcrumb\"},\"inLanguage\":\"en-US\",\"potentialAction\":[{\"@type\":\"ReadAction\",\"target\":[\"https:\/\/www.anestetickykrem.cz\/?page_id=170\"]}]},{\"@type\":\"ImageObject\",\"inLanguage\":\"en-US\",\"@id\":\"https:\/\/www.anestetickykrem.cz\/?page_id=170#primaryimage\",\"url\":\"https:\/\/www.tktx-shop.it\/wp-content\/uploads\/2023\/04\/Untitled-design-1.png\",\"contentUrl\":\"https:\/\/www.tktx-shop.it\/wp-content\/uploads\/2023\/04\/Untitled-design-1.png\"},{\"@type\":\"BreadcrumbList\",\"@id\":\"https:\/\/www.anestetickykrem.cz\/?page_id=170#breadcrumb\",\"itemListElement\":[{\"@type\":\"ListItem\",\"position\":1,\"name\":\"Home\",\"item\":\"https:\/\/www.anestetickykrem.cz\/\"},{\"@type\":\"ListItem\",\"position\":2,\"name\":\"Creme anestetiche per sopracciglia e labbra \u2013 perch\u00e9 TKTX \u00e8 ideale per il PMU? \ud83d\udc84\u2728\"}]},{\"@type\":\"WebSite\",\"@id\":\"https:\/\/www.anestetickykrem.cz\/#website\",\"url\":\"https:\/\/www.anestetickykrem.cz\/\",\"name\":\"Anestetick\u00fd Kr\u00e9m\",\"description\":\"\",\"potentialAction\":[{\"@type\":\"SearchAction\",\"target\":{\"@type\":\"EntryPoint\",\"urlTemplate\":\"https:\/\/www.anestetickykrem.cz\/?s={search_term_string}\"},\"query-input\":{\"@type\":\"PropertyValueSpecification\",\"valueRequired\":true,\"valueName\":\"search_term_string\"}}],\"inLanguage\":\"en-US\"}]}<\/script>\n<!-- \/ Yoast SEO plugin. -->","yoast_head_json":{"title":"Creme anestetiche per sopracciglia e labbra \u2013 perch\u00e9 TKTX \u00e8 ideale per il PMU? \ud83d\udc84\u2728 - Anestetick\u00fd Kr\u00e9m","description":"La crema TKTX \u00e8 adatta anche per il trucco permanente (PMU)? Scopri tutto sull\u2019anestesia nel PMU e come TKTX rende il trattamento pi\u00f9 confortevole.","robots":{"index":"index","follow":"follow","max-snippet":"max-snippet:-1","max-image-preview":"max-image-preview:large","max-video-preview":"max-video-preview:-1"},"canonical":"https:\/\/www.anestetickykrem.cz\/?page_id=170","og_locale":"en_US","og_type":"article","og_title":"Creme anestetiche per sopracciglia e labbra \u2013 perch\u00e9 TKTX \u00e8 ideale per il PMU? \ud83d\udc84\u2728 - Anestetick\u00fd Kr\u00e9m","og_description":"La crema TKTX \u00e8 adatta anche per il trucco permanente (PMU)? Scopri tutto sull\u2019anestesia nel PMU e come TKTX rende il trattamento pi\u00f9 confortevole.","og_url":"https:\/\/www.anestetickykrem.cz\/?page_id=170","og_site_name":"Anestetick\u00fd Kr\u00e9m","twitter_card":"summary_large_image","twitter_misc":{"Est. reading time":"3 minutes"},"schema":{"@context":"https:\/\/schema.org","@graph":[{"@type":"WebPage","@id":"https:\/\/www.anestetickykrem.cz\/?page_id=170","url":"https:\/\/www.anestetickykrem.cz\/?page_id=170","name":"Creme anestetiche per sopracciglia e labbra \u2013 perch\u00e9 TKTX \u00e8 ideale per il PMU? \ud83d\udc84\u2728 - Anestetick\u00fd Kr\u00e9m","isPartOf":{"@id":"https:\/\/www.anestetickykrem.cz\/#website"},"primaryImageOfPage":{"@id":"https:\/\/www.anestetickykrem.cz\/?page_id=170#primaryimage"},"image":{"@id":"https:\/\/www.anestetickykrem.cz\/?page_id=170#primaryimage"},"thumbnailUrl":"https:\/\/www.tktx-shop.it\/wp-content\/uploads\/2023\/04\/Untitled-design-1.png","datePublished":"2025-07-08T20:38:22+00:00","description":"La crema TKTX \u00e8 adatta anche per il trucco permanente (PMU)? Scopri tutto sull\u2019anestesia nel PMU e come TKTX rende il trattamento pi\u00f9 confortevole.","breadcrumb":{"@id":"https:\/\/www.anestetickykrem.cz\/?page_id=170#breadcrumb"},"inLanguage":"en-US","potentialAction":[{"@type":"ReadAction","target":["https:\/\/www.anestetickykrem.cz\/?page_id=170"]}]},{"@type":"ImageObject","inLanguage":"en-US","@id":"https:\/\/www.anestetickykrem.cz\/?page_id=170#primaryimage","url":"https:\/\/www.tktx-shop.it\/wp-content\/uploads\/2023\/04\/Untitled-design-1.png","contentUrl":"https:\/\/www.tktx-shop.it\/wp-content\/uploads\/2023\/04\/Untitled-design-1.png"},{"@type":"BreadcrumbList","@id":"https:\/\/www.anestetickykrem.cz\/?page_id=170#breadcrumb","itemListElement":[{"@type":"ListItem","position":1,"name":"Home","item":"https:\/\/www.anestetickykrem.cz\/"},{"@type":"ListItem","position":2,"name":"Creme anestetiche per sopracciglia e labbra \u2013 perch\u00e9 TKTX \u00e8 ideale per il PMU? \ud83d\udc84\u2728"}]},{"@type":"WebSite","@id":"https:\/\/www.anestetickykrem.cz\/#website","url":"https:\/\/www.anestetickykrem.cz\/","name":"Anestetick\u00fd Kr\u00e9m","description":"","potentialAction":[{"@type":"SearchAction","target":{"@type":"EntryPoint","urlTemplate":"https:\/\/www.anestetickykrem.cz\/?s={search_term_string}"},"query-input":{"@type":"PropertyValueSpecification","valueRequired":true,"valueName":"search_term_string"}}],"inLanguage":"en-US"}]}},"_links":{"self":[{"href":"https:\/\/www.anestetickykrem.cz\/index.php?rest_route=\/wp\/v2\/pages\/170","targetHints":{"allow":["GET"]}}],"collection":[{"href":"https:\/\/www.anestetickykrem.cz\/index.php?rest_route=\/wp\/v2\/pages"}],"about":[{"href":"https:\/\/www.anestetickykrem.cz\/index.php?rest_route=\/wp\/v2\/types\/page"}],"author":[{"embeddable":true,"href":"https:\/\/www.anestetickykrem.cz\/index.php?rest_route=\/wp\/v2\/users\/1"}],"replies":[{"embeddable":true,"href":"https:\/\/www.anestetickykrem.cz\/index.php?rest_route=%2Fwp%2Fv2%2Fcomments&post=170"}],"version-history":[{"count":1,"href":"https:\/\/www.anestetickykrem.cz\/index.php?rest_route=\/wp\/v2\/pages\/170\/revisions"}],"predecessor-version":[{"id":171,"href":"https:\/\/www.anestetickykrem.cz\/index.php?rest_route=\/wp\/v2\/pages\/170\/revisions\/171"}],"wp:attachment":[{"href":"https:\/\/www.anestetickykrem.cz\/index.php?rest_route=%2Fwp%2Fv2%2Fmedia&parent=170"}],"curies":[{"name":"wp","href":"https:\/\/api.w.org\/{rel}","templated":true}]}}