{"id":164,"date":"2025-07-04T11:56:09","date_gmt":"2025-07-04T11:56:09","guid":{"rendered":"https:\/\/www.anestetickykrem.cz\/?page_id=164"},"modified":"2025-07-19T10:32:39","modified_gmt":"2025-07-19T10:32:39","slug":"ako-tktx-pomaha-zmiernit-uzkost-z-tetovania-viac-nez-len-anestetikum","status":"publish","type":"page","link":"https:\/\/www.anestetickykrem.cz\/?page_id=164","title":{"rendered":"Ako TKTX pom\u00e1ha zmierni\u0165 \u00fazkos\u0165 z tetovania \u2013 viac ne\u017e len anestetikum"},"content":{"rendered":"<h3 data-start=\"85\" data-end=\"137\"><strong data-start=\"89\" data-end=\"137\">\ud83d\udca5 Boles\u0165 nie je len fyzick\u00e1, ide aj o myse\u013e<\/strong><\/h3>\n<p data-start=\"139\" data-end=\"366\">Ka\u017ed\u00fd, kto sa u\u017e raz chystal na tetovanie, pozn\u00e1 ten pocit \u00fazkosti: nielen boles\u0165, ale hlavne <strong data-start=\"233\" data-end=\"262\">strach a vn\u00fatorn\u00e9 nap\u00e4tie<\/strong> n\u00e1s m\u00f4\u017ee paralyzova\u0165. Pr\u00e1ve <strong data-start=\"291\" data-end=\"312\">psychick\u00e9 nap\u00e4tie<\/strong> \u010dasto sp\u00f4sobuje, \u017ee z\u00e1\u017eitok je hor\u0161\u00ed, ne\u017e by mal by\u0165.<\/p>\n<p data-start=\"368\" data-end=\"482\">Tu prich\u00e1dza <strong data-start=\"381\" data-end=\"389\">TKTX<\/strong> \u2013 nielen ako <strong data-start=\"403\" data-end=\"429\">siln\u00fd anestetick\u00fd kr\u00e9m<\/strong>, ale ako skuto\u010dn\u00fd <strong data-start=\"448\" data-end=\"481\">n\u00e1stroj na zmiernenie \u00fazkosti<\/strong>.<\/p>\n<hr data-start=\"484\" data-end=\"487\" \/>\n<h2 data-start=\"489\" data-end=\"537\"><strong data-start=\"492\" data-end=\"537\">\ud83e\udde0 Pre\u010do je strach z tetovania tak\u00fd siln\u00fd<\/strong><\/h2>\n<h3 data-start=\"539\" data-end=\"561\"><strong data-start=\"543\" data-end=\"561\">Psychick\u00fd tlak<\/strong><\/h3>\n<ul data-start=\"563\" data-end=\"802\">\n<li data-start=\"563\" data-end=\"657\">\n<p data-start=\"565\" data-end=\"657\">Strach z bolesti vyvol\u00e1va stresov\u00e9 reakcie v tele: zr\u00fdchlen\u00fd tep, potenie, vn\u00fatorn\u00e9 nap\u00e4tie.<\/p>\n<\/li>\n<li data-start=\"658\" data-end=\"739\">\n<p data-start=\"660\" data-end=\"739\">Tieto reakcie m\u00f4\u017eu subjekt\u00edvne zvy\u0161ova\u0165 pocit bolesti \u2013 vznik\u00e1 za\u010darovan\u00fd kruh.<\/p>\n<\/li>\n<li data-start=\"740\" data-end=\"802\">\n<p data-start=\"742\" data-end=\"802\">Mnoh\u00ed preru\u0161\u00ed svoju session, e\u0161te pred dokon\u010den\u00edm tetovania.<\/p>\n<\/li>\n<\/ul>\n<h3 data-start=\"804\" data-end=\"841\"><strong data-start=\"808\" data-end=\"841\">Ment\u00e1lne za\u0165a\u017eenie pred ihlou<\/strong><\/h3>\n<ul data-start=\"843\" data-end=\"953\">\n<li data-start=\"843\" data-end=\"874\">\n<p data-start=\"845\" data-end=\"874\">Nad\u0161enie sa mie\u0161a so strachom<\/p>\n<\/li>\n<li data-start=\"875\" data-end=\"953\">\n<p data-start=\"877\" data-end=\"953\">Negat\u00edvne my\u0161lienky rast\u00fa: \u201e\u010co ak to bude pr\u00edli\u0161 zl\u00e9?\u201c, \u201eZvl\u00e1dnem to v\u00f4bec?\u201c<\/p>\n<\/li>\n<\/ul>\n<hr data-start=\"955\" data-end=\"958\" \/>\n<h2 data-start=\"960\" data-end=\"1016\"><strong data-start=\"963\" data-end=\"1016\">\ud83d\udd25 Ako TKTX zmier\u0148uje viac ne\u017e len boles\u0165 poko\u017eky<\/strong><\/h2>\n<h3 data-start=\"1018\" data-end=\"1069\"><strong data-start=\"1022\" data-end=\"1069\">1. Fyzick\u00e9 utlmenie bolesti upokojuje myse\u013e<\/strong><\/h3>\n<ul data-start=\"1071\" data-end=\"1254\">\n<li data-start=\"1071\" data-end=\"1140\">\n<p data-start=\"1073\" data-end=\"1140\">Ke\u010f je poko\u017eka znecitliven\u00e1, bolestiv\u00e9 sign\u00e1ly s\u00fa \u00fa\u010dinne blokovan\u00e9.<\/p>\n<\/li>\n<li data-start=\"1141\" data-end=\"1208\">\n<p data-start=\"1143\" data-end=\"1208\">To nielen zni\u017euje fyzick\u00fa boles\u0165, ale aj <strong data-start=\"1184\" data-end=\"1207\">siln\u00fd pocit \u00fazkosti<\/strong>.<\/p>\n<\/li>\n<li data-start=\"1209\" data-end=\"1254\">\n<p data-start=\"1211\" data-end=\"1254\">Telo a myse\u013e sa uvo\u013enia \u2013 nervy sa upokoja.<\/p>\n<\/li>\n<\/ul>\n<h3 data-start=\"1256\" data-end=\"1281\"><strong data-start=\"1260\" data-end=\"1281\">2. Pocit kontroly<\/strong><\/h3>\n<ul data-start=\"1283\" data-end=\"1442\">\n<li data-start=\"1283\" data-end=\"1324\">\n<p data-start=\"1285\" data-end=\"1324\">S TKTX sa c\u00edti\u0161 pripraven\u00fd a v bezpe\u010d\u00ed.<\/p>\n<\/li>\n<li data-start=\"1325\" data-end=\"1378\">\n<p data-start=\"1327\" data-end=\"1378\">Kontrola nad vn\u00edman\u00edm bolesti dod\u00e1va ment\u00e1lnu silu.<\/p>\n<\/li>\n<li data-start=\"1379\" data-end=\"1442\">\n<p data-start=\"1381\" data-end=\"1442\">To je <strong data-start=\"1387\" data-end=\"1419\">d\u00f4vera vo vlastn\u00e9 schopnosti<\/strong>, ktor\u00e1 zni\u017euje \u00fazkos\u0165.<\/p>\n<\/li>\n<\/ul>\n<hr data-start=\"1444\" data-end=\"1447\" \/>\n<h2 data-start=\"1449\" data-end=\"1511\"><strong data-start=\"1452\" data-end=\"1511\">\ud83d\udcac \u010co hovoria klienti o TKTX a ich \u00fazkosti z tetovania?<\/strong><\/h2>\n<blockquote data-start=\"1513\" data-end=\"1652\">\n<p data-start=\"1515\" data-end=\"1652\">\u201eMal som paniku pred prv\u00fdm tetovan\u00edm. S TKTX to bolo \u00faplne in\u00e9 \u2013 bol som pokojn\u00fd a mohol som si session u\u017ei\u0165.\u201c<br data-start=\"1625\" data-end=\"1628\" \/>\u2013 <strong data-start=\"1632\" data-end=\"1652\">Anna, Bratislava<\/strong><\/p>\n<\/blockquote>\n<blockquote data-start=\"1654\" data-end=\"1757\">\n<p data-start=\"1656\" data-end=\"1757\">\u201eTKTX mi pomohlo prekona\u0165 strach. Boles\u0165 takmer zmizla a nervozita ust\u00fapila.\u201c<br data-start=\"1733\" data-end=\"1736\" \/>\u2013 <strong data-start=\"1740\" data-end=\"1757\">Marek, Ko\u0161ice<\/strong><\/p>\n<\/blockquote>\n<hr data-start=\"1759\" data-end=\"1762\" \/>\n<h2 data-start=\"1764\" data-end=\"1802\"><strong data-start=\"1767\" data-end=\"1802\">\ud83d\ude80 Pre\u010do si objedna\u0165 TKTX u m\u0148a<\/strong><\/h2>\n<h3 data-start=\"1804\" data-end=\"1857\"><strong data-start=\"1808\" data-end=\"1857\">\u2705 100 % origin\u00e1lny TKTX \u2013 \u017eiadne napodobeniny<\/strong><\/h3>\n<h3 data-start=\"1859\" data-end=\"1920\"><strong data-start=\"1863\" data-end=\"1920\">\u2705 Osobn\u00e1 podpora \u2013 \u00faprimn\u00e9 a individu\u00e1lne poradenstvo<\/strong><\/h3>\n<h3 data-start=\"1922\" data-end=\"1974\"><strong data-start=\"1926\" data-end=\"1974\">\u2705 R\u00fdchle a diskr\u00e9tne doru\u010denie \u2013 priamo z E\u00da<\/strong><\/h3>\n<h3 data-start=\"1976\" data-end=\"2037\"><strong data-start=\"1980\" data-end=\"2037\">\u2705 Stovky spokojn\u00fdch z\u00e1kazn\u00edkov \u2013 d\u00f4veruj sk\u00fasenostiam<\/strong><\/h3>\n<hr data-start=\"2039\" data-end=\"2042\" \/>\n<h2 data-start=\"2044\" data-end=\"2118\"><strong data-start=\"2047\" data-end=\"2118\">\ud83c\udfaf Zhrnutie: S TKTX bude tvoj z\u00e1\u017eitok z tetovania \u013eah\u0161\u00ed aj ment\u00e1lne<\/strong><\/h2>\n<p data-start=\"2120\" data-end=\"2304\">\u00dazkos\u0165 je re\u00e1lna \u2013 no nem\u00e1 \u0165a ovl\u00e1da\u0165.<br data-start=\"2158\" data-end=\"2161\" \/>TKTX p\u00f4sob\u00ed hlboko a dlho \u2013 a pom\u00e1ha aj zmierni\u0165 psychick\u00e9 nap\u00e4tie.<br data-start=\"2228\" data-end=\"2231\" \/>Ver vede a sk\u00fasenostiam, ktor\u00e9 stoja za TKTX, a mojej spo\u013eahlivej slu\u017ebe.<\/p>\n<hr data-start=\"2306\" data-end=\"2309\" \/>\n<h3 data-start=\"2311\" data-end=\"2404\"><strong data-start=\"2315\" data-end=\"2404\">\ud83d\udca5 Objednaj si teraz TKTX a za\u010dni svoju tetovaciu cestu bez strachu \u2013 iba s rados\u0165ou!<\/strong><\/h3>\n<h3 style=\"text-align: center;\">Vyberte si z na\u0161\u00edch anestetick\u00fdch kr\u00e9mov na tetovanie<\/h3>\n<div id=\"attachment_8\" style=\"width: 650px\" class=\"wp-caption aligncenter\"><a href=\"https:\/\/tktx-shop.eu\/product\/krem-na-znecitlivenie-tktx-75-possible-2\/\"><img loading=\"lazy\" decoding=\"async\" aria-describedby=\"caption-attachment-8\" class=\"wp-image-8 size-large\" src=\"https:\/\/www.tktxkrem.sk\/wp-content\/uploads\/2025\/01\/TKTX-creme-75-1024x434.png\" alt=\"v\u00fdhody TKTX kr\u00e9mu\" width=\"640\" height=\"271\" \/><\/a><p id=\"caption-attachment-8\" class=\"wp-caption-text\">Porovnanie TKTX 40 %, 55 % a 75 %<\/p><\/div>\n<div id=\"attachment_9\" style=\"width: 650px\" class=\"wp-caption aligncenter\"><a href=\"https:\/\/tktx-shop.eu\/product\/tktx-40\/\"><img loading=\"lazy\" decoding=\"async\" aria-describedby=\"caption-attachment-9\" class=\"wp-image-9 size-large\" src=\"https:\/\/www.tktxkrem.sk\/wp-content\/uploads\/2025\/01\/TKTX-krem-40-1024x377.png\" alt=\"v\u00fdhody TKTX kr\u00e9mu\" width=\"640\" height=\"236\" \/><\/a><p id=\"caption-attachment-9\" class=\"wp-caption-text\">Kr\u00e9m na tetovanie TKTX s lidoka\u00ednom<\/p><\/div>\n<div id=\"attachment_10\" style=\"width: 650px\" class=\"wp-caption aligncenter\"><a href=\"https:\/\/tktx-shop.eu\/product\/krem-na-tetovanie-tktx-45-gold\/\"><img loading=\"lazy\" decoding=\"async\" aria-describedby=\"caption-attachment-10\" class=\"wp-image-10 size-large\" src=\"https:\/\/www.tktxkrem.sk\/wp-content\/uploads\/2025\/01\/TKTX-krem-55-1024x372.png\" alt=\"v\u00fdhody TKTX kr\u00e9mu\" width=\"640\" height=\"233\" \/><\/a><p id=\"caption-attachment-10\" class=\"wp-caption-text\">TKTX numbing cream pre dlh\u00e9 tetovanie<\/p><\/div>\n<div id=\"attachment_7\" style=\"width: 650px\" class=\"wp-caption aligncenter\"><a href=\"https:\/\/tktx-shop.eu\/product\/3x-krem-na-znecitlivenie-tktx-75-possible\/\"><img loading=\"lazy\" decoding=\"async\" aria-describedby=\"caption-attachment-7\" class=\"wp-image-7 size-large\" src=\"https:\/\/www.tktxkrem.sk\/wp-content\/uploads\/2025\/01\/TKTX-3x-75-postovne-zdarma-971x1024.png\" alt=\"v\u00fdhody TKTX kr\u00e9mu\" width=\"640\" height=\"675\" \/><\/a><p id=\"caption-attachment-7\" class=\"wp-caption-text\">\u00da\u010dinn\u00fd kr\u00e9m na zn\u00ed\u017eenie bolesti pri tetovan\u00ed<\/p><\/div>\n<p style=\"text-align: center;\"><strong>Garantujeme va\u0161u spokojnos\u0165 <\/strong><\/p>\n<p style=\"text-align: center;\"><strong>Ak nebudete spokojn\u00fd <\/strong>s na\u0161\u00edmi kr\u00e9mami, po\u0161lite n\u00e1m ich sp\u00e4\u0165 a <strong>Vr\u00e1time v\u00e1m Peniaze<\/strong><\/p>\n<div class=\"flex-1 overflow-hidden @container\/thread translate-y-[2rem] -mt-[2rem] pb-[1.5rem]\">\n<div class=\"relative h-full\">\n<div class=\"flex h-full flex-col overflow-y-auto [scrollbar-gutter:stable]\">\n<div class=\"flex flex-col text-sm md:pb-9\">\n<article class=\"w-full text-token-text-primary focus-visible:outline-2 focus-visible:outline-offset-[-4px]\" dir=\"auto\" data-testid=\"conversation-turn-143\" data-scroll-anchor=\"true\">\n<div class=\"m-auto text-base py-[18px] px-6\">\n<div class=\"mx-auto flex flex-1 text-base gap-4 md:gap-5 lg:gap-6 md:max-w-3xl lg:max-w-[40rem] xl:max-w-[48rem]\">\n<div class=\"group\/conversation-turn relative flex w-full min-w-0 flex-col agent-turn @xs\/thread:px-0 @sm\/thread:px-1.5 @md\/thread:px-4\">\n<div class=\"flex-col gap-1 md:gap-3\">\n<div class=\"flex max-w-full flex-col flex-grow\">\n<div class=\"min-h-8 text-message relative flex w-full flex-col items-end gap-2 whitespace-normal break-words text-start [.text-message+&amp;]:mt-5\" dir=\"auto\" data-message-author-role=\"assistant\" data-message-id=\"896816f0-6488-47e8-8ae8-212ea88364b8\" data-message-model-slug=\"gpt-4o\">\n<div class=\"flex w-full flex-col gap-1 empty:hidden first:pt-[3px]\">\n<div class=\"result-streaming markdown prose w-full break-words dark:prose-invert light\">\n<p>&nbsp;<\/p>\n<\/div>\n<\/div>\n<\/div>\n<\/div>\n<\/div>\n<\/div>\n<\/div>\n<\/div>\n<\/article>\n<\/div>\n<\/div>\n<\/div>\n<\/div>\n","protected":false},"excerpt":{"rendered":"<p>\ud83d\udca5 Boles\u0165 nie je len fyzick\u00e1, ide aj o myse\u013e Ka\u017ed\u00fd, kto sa u\u017e raz chystal na tetovanie, pozn\u00e1 ten pocit \u00fazkosti: nielen boles\u0165, ale hlavne strach a vn\u00fatorn\u00e9 nap\u00e4tie n\u00e1s m\u00f4\u017ee paralyzova\u0165. Pr\u00e1ve psychick\u00e9 nap\u00e4tie \u010dasto sp\u00f4sobuje, \u017ee z\u00e1\u017eitok je hor\u0161\u00ed, ne\u017e by mal by\u0165. Tu prich\u00e1dza TKTX \u2013 nielen ako siln\u00fd anestetick\u00fd kr\u00e9m, [&hellip;]<\/p>\n","protected":false},"author":1,"featured_media":0,"parent":0,"menu_order":0,"comment_status":"closed","ping_status":"closed","template":"","meta":{"_monsterinsights_skip_tracking":false,"_monsterinsights_sitenote_active":false,"_monsterinsights_sitenote_note":"","_monsterinsights_sitenote_category":0,"footnotes":""},"class_list":["post-164","page","type-page","status-publish","hentry"],"yoast_head":"<!-- This site is optimized with the Yoast SEO plugin v27.0 - https:\/\/yoast.com\/product\/yoast-seo-wordpress\/ -->\n<title>Ako TKTX pom\u00e1ha zmierni\u0165 \u00fazkos\u0165 z tetovania \u2013 viac ne\u017e len anestetikum - Anestetick\u00fd Kr\u00e9m<\/title>\n<meta name=\"description\" content=\"Boles\u0165 nie je len fyzick\u00e1 \u2013 zisti, ako anestetick\u00fd kr\u00e9m TKTX pom\u00e1ha zmierni\u0165 stres a \u00fazkos\u0165 z tetovania.\" \/>\n<meta name=\"robots\" content=\"index, follow, max-snippet:-1, max-image-preview:large, max-video-preview:-1\" \/>\n<link rel=\"canonical\" href=\"https:\/\/www.anestetickykrem.cz\/?page_id=164\" \/>\n<meta property=\"og:locale\" content=\"en_US\" \/>\n<meta property=\"og:type\" content=\"article\" \/>\n<meta property=\"og:title\" content=\"Ako TKTX pom\u00e1ha zmierni\u0165 \u00fazkos\u0165 z tetovania \u2013 viac ne\u017e len anestetikum - Anestetick\u00fd Kr\u00e9m\" \/>\n<meta property=\"og:description\" content=\"Boles\u0165 nie je len fyzick\u00e1 \u2013 zisti, ako anestetick\u00fd kr\u00e9m TKTX pom\u00e1ha zmierni\u0165 stres a \u00fazkos\u0165 z tetovania.\" \/>\n<meta property=\"og:url\" content=\"https:\/\/www.anestetickykrem.cz\/?page_id=164\" \/>\n<meta property=\"og:site_name\" content=\"Anestetick\u00fd Kr\u00e9m\" \/>\n<meta property=\"article:modified_time\" content=\"2025-07-19T10:32:39+00:00\" \/>\n<meta property=\"og:image\" content=\"https:\/\/www.anestetickykrem.cz\/wp-content\/uploads\/2025\/01\/TKTX-krem-40.png\" \/>\n\t<meta property=\"og:image:width\" content=\"1071\" \/>\n\t<meta property=\"og:image:height\" content=\"394\" \/>\n\t<meta property=\"og:image:type\" content=\"image\/png\" \/>\n<meta name=\"twitter:card\" content=\"summary_large_image\" \/>\n<meta name=\"twitter:label1\" content=\"Est. reading time\" \/>\n\t<meta name=\"twitter:data1\" content=\"3 minutes\" \/>\n<script type=\"application\/ld+json\" class=\"yoast-schema-graph\">{\"@context\":\"https:\/\/schema.org\",\"@graph\":[{\"@type\":\"WebPage\",\"@id\":\"https:\/\/www.anestetickykrem.cz\/?page_id=164\",\"url\":\"https:\/\/www.anestetickykrem.cz\/?page_id=164\",\"name\":\"Ako TKTX pom\u00e1ha zmierni\u0165 \u00fazkos\u0165 z tetovania \u2013 viac ne\u017e len anestetikum - Anestetick\u00fd Kr\u00e9m\",\"isPartOf\":{\"@id\":\"https:\/\/www.anestetickykrem.cz\/#website\"},\"primaryImageOfPage\":{\"@id\":\"https:\/\/www.anestetickykrem.cz\/?page_id=164#primaryimage\"},\"image\":{\"@id\":\"https:\/\/www.anestetickykrem.cz\/?page_id=164#primaryimage\"},\"thumbnailUrl\":\"https:\/\/www.tktxkrem.sk\/wp-content\/uploads\/2025\/01\/TKTX-creme-75-1024x434.png\",\"datePublished\":\"2025-07-04T11:56:09+00:00\",\"dateModified\":\"2025-07-19T10:32:39+00:00\",\"description\":\"Boles\u0165 nie je len fyzick\u00e1 \u2013 zisti, ako anestetick\u00fd kr\u00e9m TKTX pom\u00e1ha zmierni\u0165 stres a \u00fazkos\u0165 z tetovania.\",\"breadcrumb\":{\"@id\":\"https:\/\/www.anestetickykrem.cz\/?page_id=164#breadcrumb\"},\"inLanguage\":\"en-US\",\"potentialAction\":[{\"@type\":\"ReadAction\",\"target\":[\"https:\/\/www.anestetickykrem.cz\/?page_id=164\"]}]},{\"@type\":\"ImageObject\",\"inLanguage\":\"en-US\",\"@id\":\"https:\/\/www.anestetickykrem.cz\/?page_id=164#primaryimage\",\"url\":\"https:\/\/www.tktxkrem.sk\/wp-content\/uploads\/2025\/01\/TKTX-creme-75-1024x434.png\",\"contentUrl\":\"https:\/\/www.tktxkrem.sk\/wp-content\/uploads\/2025\/01\/TKTX-creme-75-1024x434.png\"},{\"@type\":\"BreadcrumbList\",\"@id\":\"https:\/\/www.anestetickykrem.cz\/?page_id=164#breadcrumb\",\"itemListElement\":[{\"@type\":\"ListItem\",\"position\":1,\"name\":\"Home\",\"item\":\"https:\/\/www.anestetickykrem.cz\/\"},{\"@type\":\"ListItem\",\"position\":2,\"name\":\"Ako TKTX pom\u00e1ha zmierni\u0165 \u00fazkos\u0165 z tetovania \u2013 viac ne\u017e len anestetikum\"}]},{\"@type\":\"WebSite\",\"@id\":\"https:\/\/www.anestetickykrem.cz\/#website\",\"url\":\"https:\/\/www.anestetickykrem.cz\/\",\"name\":\"Anestetick\u00fd Kr\u00e9m\",\"description\":\"\",\"potentialAction\":[{\"@type\":\"SearchAction\",\"target\":{\"@type\":\"EntryPoint\",\"urlTemplate\":\"https:\/\/www.anestetickykrem.cz\/?s={search_term_string}\"},\"query-input\":{\"@type\":\"PropertyValueSpecification\",\"valueRequired\":true,\"valueName\":\"search_term_string\"}}],\"inLanguage\":\"en-US\"}]}<\/script>\n<!-- \/ Yoast SEO plugin. -->","yoast_head_json":{"title":"Ako TKTX pom\u00e1ha zmierni\u0165 \u00fazkos\u0165 z tetovania \u2013 viac ne\u017e len anestetikum - Anestetick\u00fd Kr\u00e9m","description":"Boles\u0165 nie je len fyzick\u00e1 \u2013 zisti, ako anestetick\u00fd kr\u00e9m TKTX pom\u00e1ha zmierni\u0165 stres a \u00fazkos\u0165 z tetovania.","robots":{"index":"index","follow":"follow","max-snippet":"max-snippet:-1","max-image-preview":"max-image-preview:large","max-video-preview":"max-video-preview:-1"},"canonical":"https:\/\/www.anestetickykrem.cz\/?page_id=164","og_locale":"en_US","og_type":"article","og_title":"Ako TKTX pom\u00e1ha zmierni\u0165 \u00fazkos\u0165 z tetovania \u2013 viac ne\u017e len anestetikum - Anestetick\u00fd Kr\u00e9m","og_description":"Boles\u0165 nie je len fyzick\u00e1 \u2013 zisti, ako anestetick\u00fd kr\u00e9m TKTX pom\u00e1ha zmierni\u0165 stres a \u00fazkos\u0165 z tetovania.","og_url":"https:\/\/www.anestetickykrem.cz\/?page_id=164","og_site_name":"Anestetick\u00fd Kr\u00e9m","article_modified_time":"2025-07-19T10:32:39+00:00","og_image":[{"width":1071,"height":394,"url":"https:\/\/www.anestetickykrem.cz\/wp-content\/uploads\/2025\/01\/TKTX-krem-40.png","type":"image\/png"}],"twitter_card":"summary_large_image","twitter_misc":{"Est. reading time":"3 minutes"},"schema":{"@context":"https:\/\/schema.org","@graph":[{"@type":"WebPage","@id":"https:\/\/www.anestetickykrem.cz\/?page_id=164","url":"https:\/\/www.anestetickykrem.cz\/?page_id=164","name":"Ako TKTX pom\u00e1ha zmierni\u0165 \u00fazkos\u0165 z tetovania \u2013 viac ne\u017e len anestetikum - Anestetick\u00fd Kr\u00e9m","isPartOf":{"@id":"https:\/\/www.anestetickykrem.cz\/#website"},"primaryImageOfPage":{"@id":"https:\/\/www.anestetickykrem.cz\/?page_id=164#primaryimage"},"image":{"@id":"https:\/\/www.anestetickykrem.cz\/?page_id=164#primaryimage"},"thumbnailUrl":"https:\/\/www.tktxkrem.sk\/wp-content\/uploads\/2025\/01\/TKTX-creme-75-1024x434.png","datePublished":"2025-07-04T11:56:09+00:00","dateModified":"2025-07-19T10:32:39+00:00","description":"Boles\u0165 nie je len fyzick\u00e1 \u2013 zisti, ako anestetick\u00fd kr\u00e9m TKTX pom\u00e1ha zmierni\u0165 stres a \u00fazkos\u0165 z tetovania.","breadcrumb":{"@id":"https:\/\/www.anestetickykrem.cz\/?page_id=164#breadcrumb"},"inLanguage":"en-US","potentialAction":[{"@type":"ReadAction","target":["https:\/\/www.anestetickykrem.cz\/?page_id=164"]}]},{"@type":"ImageObject","inLanguage":"en-US","@id":"https:\/\/www.anestetickykrem.cz\/?page_id=164#primaryimage","url":"https:\/\/www.tktxkrem.sk\/wp-content\/uploads\/2025\/01\/TKTX-creme-75-1024x434.png","contentUrl":"https:\/\/www.tktxkrem.sk\/wp-content\/uploads\/2025\/01\/TKTX-creme-75-1024x434.png"},{"@type":"BreadcrumbList","@id":"https:\/\/www.anestetickykrem.cz\/?page_id=164#breadcrumb","itemListElement":[{"@type":"ListItem","position":1,"name":"Home","item":"https:\/\/www.anestetickykrem.cz\/"},{"@type":"ListItem","position":2,"name":"Ako TKTX pom\u00e1ha zmierni\u0165 \u00fazkos\u0165 z tetovania \u2013 viac ne\u017e len anestetikum"}]},{"@type":"WebSite","@id":"https:\/\/www.anestetickykrem.cz\/#website","url":"https:\/\/www.anestetickykrem.cz\/","name":"Anestetick\u00fd Kr\u00e9m","description":"","potentialAction":[{"@type":"SearchAction","target":{"@type":"EntryPoint","urlTemplate":"https:\/\/www.anestetickykrem.cz\/?s={search_term_string}"},"query-input":{"@type":"PropertyValueSpecification","valueRequired":true,"valueName":"search_term_string"}}],"inLanguage":"en-US"}]}},"_links":{"self":[{"href":"https:\/\/www.anestetickykrem.cz\/index.php?rest_route=\/wp\/v2\/pages\/164","targetHints":{"allow":["GET"]}}],"collection":[{"href":"https:\/\/www.anestetickykrem.cz\/index.php?rest_route=\/wp\/v2\/pages"}],"about":[{"href":"https:\/\/www.anestetickykrem.cz\/index.php?rest_route=\/wp\/v2\/types\/page"}],"author":[{"embeddable":true,"href":"https:\/\/www.anestetickykrem.cz\/index.php?rest_route=\/wp\/v2\/users\/1"}],"replies":[{"embeddable":true,"href":"https:\/\/www.anestetickykrem.cz\/index.php?rest_route=%2Fwp%2Fv2%2Fcomments&post=164"}],"version-history":[{"count":4,"href":"https:\/\/www.anestetickykrem.cz\/index.php?rest_route=\/wp\/v2\/pages\/164\/revisions"}],"predecessor-version":[{"id":186,"href":"https:\/\/www.anestetickykrem.cz\/index.php?rest_route=\/wp\/v2\/pages\/164\/revisions\/186"}],"wp:attachment":[{"href":"https:\/\/www.anestetickykrem.cz\/index.php?rest_route=%2Fwp%2Fv2%2Fmedia&parent=164"}],"curies":[{"name":"wp","href":"https:\/\/api.w.org\/{rel}","templated":true}]}}